{"id":2148,"date":"2019-03-01T08:23:28","date_gmt":"2019-03-01T08:23:28","guid":{"rendered":"https:\/\/electroline.com\/milestones\/"},"modified":"2020-10-21T14:47:51","modified_gmt":"2020-10-21T14:47:51","slug":"milestones","status":"publish","type":"page","link":"https:\/\/electroline.com\/fr\/milestones\/","title":{"rendered":"Milestones"},"content":{"rendered":"<h1><\/h1>\n\n  <div class=\"timeline\">\n          <div class=\"container-tl\">\n        <div class=\"content\">\n          <h2>2019<\/h2> \n          <p><p>Nos complace anunciar que el cable m\u00f3dem DOCSIS3.1 de Electroline (CableLabs ID ELEC1251, modelo ECM31) ha sido certificado por Cablelabs. Nuestras l\u00edneas de productos DOCSIS3.1 est\u00e1n listas para DOCSIS Backhaul para 5G, WiFi inal\u00e1mbrico, serie AreoQAM y m\u00f3dem de cable reforzado con temperatura reforzada.<\/p>\n<\/p>\n          <div class=\"before\">2019<\/div>\n        <\/div>\n      <\/div>\n        <div class=\"container-tl\">\n        <div class=\"content\">\n          <h2>2018<\/h2> \n          <p><p>Montr\u00e9al, Canada - 15 novembre 2018 - Electroline annonce que le modem c\u00e2ble DOCSIS3.1 est en cours de certification Cablelabs et dans les tests en laboratoire DOCSIS de deux principaux c\u00e2blo-op\u00e9rateurs.<\/p>\n<\/p>\n          <div class=\"before\">2018<\/div>\n        <\/div>\n      <\/div>\n        <div class=\"container-tl\">\n        <div class=\"content\">\n          <h2>2017<\/h2> \n          <p><p>Electroline lance la s\u00e9rie AeroQAM avec un modem c\u00e2ble renforc\u00e9 DOCSIS3.1 pour la solution de liaison DOCSIS Mobile \/ Small Cell Backhaul.<\/p>\n<\/p>\n          <div class=\"before\">2017<\/div>\n        <\/div>\n      <\/div>\n        <div class=\"container-tl\">\n        <div class=\"content\">\n          <h2>2015<\/h2> \n          <p><p>Le modem c\u00e2ble DOCSIS3.0 d'Electroline (CableLabs ID ELEC1121, mod\u00e8le EECM3) a \u00e9t\u00e9 certifi\u00e9 par Cablelabs. Les gammes de produits DOCSIS 3.0, qui comprennent des transpondeurs pour fournisseurs d'alimentation, la s\u00e9rie WiFi sans fil AreoQAM et un modem-c\u00e2ble durci \u00e0 temp\u00e9rature renforc\u00e9e, sont disponibles pour le public.<\/p>\n<\/p>\n          <div class=\"before\">2015<\/div>\n        <\/div>\n      <\/div>\n        <div class=\"container-tl\">\n        <div class=\"content\">\n          <h2>2013<\/h2> \n          <p><p>Montr\u00e9al, Canada - 21 octobre 2013 - Electroline annonce la sortie de sa troisi\u00e8me g\u00e9n\u00e9ration de plateforme Wi-Fi sur DOCSIS 3.0, un appareil sans fil \u00e9volutif et puissant prenant en charge des solutions multi-applications.<\/p>\n<\/p>\n          <div class=\"before\">2013<\/div>\n        <\/div>\n      <\/div>\n        <div class=\"container-tl\">\n        <div class=\"content\">\n          <h2>2009<\/h2> \n          <p><p>Offre une gamme compl\u00e8te d'\u00e9lectro-optique pour les r\u00e9seaux d'acc\u00e8s HFC et FTTH. Ces produits sont con\u00e7us pour se conformer aux exigences des c\u00e2bles PON et RFoG.<\/p>\n<\/p>\n          <div class=\"before\">2009<\/div>\n        <\/div>\n      <\/div>\n        <div class=\"container-tl\">\n        <div class=\"content\">\n          <h2>2003<\/h2> \n          <p><p>-Offre un nouveau transpondeur HMS avec technologie de modem embarqu\u00e9 DOCSIS (DHT) pour la gestion, la surveillance et le contr\u00f4le des p\u00e9riph\u00e9riques r\u00e9seau HFC.<br \/>\n-Electroline c\u00e9l\u00e8bre 50 ans d'activit\u00e9.<\/p>\n<\/p>\n          <div class=\"before\">2003<\/div>\n        <\/div>\n      <\/div>\n        <div class=\"container-tl\">\n        <div class=\"content\">\n          <h2>2001<\/h2> \n          <p><p>-Electroline acquiert VisionTeq, une soci\u00e9t\u00e9 bas\u00e9e en Floride offrant une large gamme de produits de t\u00eate de r\u00e9seau et de gestion de terrain pour le march\u00e9 des t\u00e9l\u00e9communications par c\u00e2ble.<br \/>\n-Introduit deux amplificateurs de chute sp\u00e9cifiques \u00e0 l'application. L'EDA-EQ poss\u00e8de un \u00e9galiseur direct int\u00e9gr\u00e9, id\u00e9al pour les longues chutes de c\u00e2bles. L'amplificateur de chute de gain unitaire EDA-UG divise les signaux de 4 ou 8 fa\u00e7ons avec une perte de 0 dB.<\/p>\n<\/p>\n          <div class=\"before\">2001<\/div>\n        <\/div>\n      <\/div>\n        <div class=\"container-tl\">\n        <div class=\"content\">\n          <h2>2000<\/h2> \n          <p><p>Lance le logiciel CLEARPath Locator pour Trilithic, cr\u00e9ant une solution fiable pour la gestion des entr\u00e9es.<\/p>\n<\/p>\n          <div class=\"before\">2000<\/div>\n        <\/div>\n      <\/div>\n        <div class=\"container-tl\">\n        <div class=\"content\">\n          <h2>1998<\/h2> \n          <p><p>Lance la derni\u00e8re technologie de robinets adressables, la RetroPlate, un produit au design unique pour permettre une conversion rapide et simple de robinets passifs en robinets adressables.<\/p>\n<\/p>\n          <div class=\"before\">1998<\/div>\n        <\/div>\n      <\/div>\n        <div class=\"container-tl\">\n        <div class=\"content\">\n          <h2>1996<\/h2> \n          <p><p>Confront\u00e9 aux d\u00e9fis pos\u00e9s par les changements \u00e0 grande \u00e9chelle de la technologie des c\u00e2bles, il d\u00e9veloppe la premi\u00e8re solution compl\u00e8te pour d\u00e9tecter, isoler et localiser les entr\u00e9es en quelques minutes en introduisant sa technologie CLEARPath \u2122.<\/p>\n<\/p>\n          <div class=\"before\">1996<\/div>\n        <\/div>\n      <\/div>\n        <div class=\"container-tl\">\n        <div class=\"content\">\n          <h2>1993<\/h2> \n          <p><p>Lance le premier amplificateur de chute au monde avec une figure de bruit de 3 dB en int\u00e9grant la technologie de l'ars\u00e9niure de gallium (GaAs) dans sa conception.<\/p>\n<\/p>\n          <div class=\"before\">1993<\/div>\n        <\/div>\n      <\/div>\n        <div class=\"container-tl\">\n        <div class=\"content\">\n          <h2>1992<\/h2> \n          <p><p>Lance ses premiers produits \u00e0 bande passante 1 GHz: le CAT \u2122 adressable, les r\u00e9partiteurs et les coupleurs directionnels<\/p>\n<\/p>\n          <div class=\"before\">1992<\/div>\n        <\/div>\n      <\/div>\n   \n    <div id=\"timeline-id-div\"><\/div>\n  <\/div>\n\n  <script>\n  window.onscroll = function() {myFunction()};\n  function myFunction() {\n    var winScroll = document.body.scrollTop || document.documentElement.scrollTop;\n    var height = document.documentElement.scrollHeight - document.documentElement.clientHeight;\n    var scrolled = (winScroll \/ height) * 100;\n    document.getElementById(\"timeline-id-div\").style.height = scrolled + \"%\";\n  }\n  <\/script>\n\n  \n<h2>Subscribe To Our Newsletter<\/h2>\n<div class=\"frm_forms  with_frm_style frm_style_footer-top-form\" id=\"frm_form_5_container\" >\n<form enctype=\"multipart\/form-data\" method=\"post\" class=\"frm-show-form footer-top-form frm_ajax_submit  frm_pro_form \" id=\"form_ansuj\" >\n<div class=\"frm_form_fields \">\n<fieldset>\n<legend class=\"frm_screen_reader\">Footer Top Form<\/legend>\r\n\r\n<div class=\"frm_fields_container\">\n<input type=\"hidden\" name=\"frm_action\" value=\"create\" \/>\n<input type=\"hidden\" name=\"form_id\" value=\"5\" \/>\n<input type=\"hidden\" name=\"frm_hide_fields_5\" id=\"frm_hide_fields_5\" value=\"\" \/>\n<input type=\"hidden\" name=\"form_key\" value=\"ansuj\" \/>\n<input type=\"hidden\" name=\"item_meta[0]\" value=\"\" \/>\n<input type=\"hidden\" id=\"frm_submit_entry_5\" name=\"frm_submit_entry_5\" value=\"32a023c689\" \/><input type=\"hidden\" name=\"_wp_http_referer\" value=\"\/fr\/wp-json\/wp\/v2\/pages\/2148\" \/><div id=\"frm_field_62_container\" class=\"frm_form_field form-field  frm_required_field frm_top_container frm_first frm_full\">\r\n    <input type=\"email\" id=\"field_4njcz\" name=\"item_meta[62]\" value=\"\"  placeholder=\"Email\" data-reqmsg=\"Email cannot be blank.\" aria-required=\"true\" data-invmsg=\"Email is invalid\" aria-invalid=\"false\"  \/>\r\n    \r\n    \r\n<\/div>\n<div id=\"frm_field_102_container\" class=\"frm_form_field form-field  frm_none_container\">\r\n    <div  id=\"field_efc5_label\" class=\"frm_primary_label\">reCAPTCHA\r\n        <span class=\"frm_required\"><\/span>\r\n    <\/div>\r\n    <div  id=\"field_efc5\" class=\"cf-turnstile\" data-sitekey=\"0x4AAAAAABAdnktSB0rwXw9l\" data-size=\"normal\" data-theme=\"light\"><\/div>\r\n    \r\n    \r\n<\/div>\n<div id=\"frm_field_136_container\" class=\"frm_form_field form-field \">\r\n\t<div class=\"frm_submit\">\r\n\r\n<button class=\"frm_button_submit frm_final_submit\" type=\"submit\"   formnovalidate=\"formnovalidate\">Submit<\/button>\r\n\r\n<\/div>\r\n<\/div>\n\t<input type=\"hidden\" name=\"item_key\" value=\"\" \/>\n\t\t\t\t<div class=\"frm__67c1a48de2e70\">\n\t\t\t\t<label for=\"frm_email_5\" >\n\t\t\t\t\tSi vous \u00eates un humain, ne remplissez pas ce champ.\t\t\t\t<\/label>\n\t\t\t\t<input  id=\"frm_email_5\" type=\"email\" class=\"frm_verify\" name=\"frm__67c1a48de2e70\" value=\"\"  \/>\n\t\t\t<\/div>\n\t\t<input name=\"frm_state\" type=\"hidden\" value=\"YXwNWbOGufjzQyP5omJeN3kxwN7ZrUzfN8Ymcnd88ys=\" \/><\/div>\n<\/fieldset>\n<\/div>\n\n<\/form>\n<\/div>\n\n","protected":false},"excerpt":{"rendered":"<p>Subscribe To Our Newsletter<\/p>\n","protected":false},"author":1,"featured_media":0,"parent":0,"menu_order":0,"comment_status":"closed","ping_status":"closed","template":"","meta":{"_acf_changed":false,"footnotes":""},"class_list":["post-2148","page","type-page","status-publish","hentry"],"acf":[],"_links":{"self":[{"href":"https:\/\/electroline.com\/fr\/wp-json\/wp\/v2\/pages\/2148","targetHints":{"allow":["GET"]}}],"collection":[{"href":"https:\/\/electroline.com\/fr\/wp-json\/wp\/v2\/pages"}],"about":[{"href":"https:\/\/electroline.com\/fr\/wp-json\/wp\/v2\/types\/page"}],"author":[{"embeddable":true,"href":"https:\/\/electroline.com\/fr\/wp-json\/wp\/v2\/users\/1"}],"replies":[{"embeddable":true,"href":"https:\/\/electroline.com\/fr\/wp-json\/wp\/v2\/comments?post=2148"}],"version-history":[{"count":5,"href":"https:\/\/electroline.com\/fr\/wp-json\/wp\/v2\/pages\/2148\/revisions"}],"predecessor-version":[{"id":2476,"href":"https:\/\/electroline.com\/fr\/wp-json\/wp\/v2\/pages\/2148\/revisions\/2476"}],"wp:attachment":[{"href":"https:\/\/electroline.com\/fr\/wp-json\/wp\/v2\/media?parent=2148"}],"curies":[{"name":"wp","href":"https:\/\/api.w.org\/{rel}","templated":true}]}}