{"id":489,"date":"2019-02-22T09:36:51","date_gmt":"2019-02-22T09:36:51","guid":{"rendered":"https:\/\/electroline.com\/home\/"},"modified":"2022-11-16T21:58:23","modified_gmt":"2022-11-16T21:58:23","slug":"home","status":"publish","type":"page","link":"https:\/\/electroline.com\/fr\/","title":{"rendered":"Home"},"content":{"rendered":"\n\n\t\t\t<img decoding=\"async\" loading='false' src=\"https:\/\/electroline.com\/wp-content\/uploads\/2019\/10\/banner-home-page-city5B15D.png\" alt=\"\" \/>\t\t\t\n\t\t\t\t<h1>Fi\u00e8re de servir<br \/>\nl&rsquo;industrie des communications<br \/>\nDepuis 1953<\/h1>\nDepuis sa cr\u00e9ation en 1953, Electroline a pour mission de fournir<br \/>\ndes produits innovants qui am\u00e9liorent \u00e0 la fois les op\u00e9rations et r\u00e9pondent aux<br \/>\nl&rsquo;\u00e9volution des exigences du march\u00e9 des t\u00e9l\u00e9communications par c\u00e2ble.\n\t\t\t<a href=\"https:\/\/electroline.com\/fr\/about-us\/\" target=\"_self\" role=\"button\" rel=\"noopener\">\n\t\t\t\t\t\t\tLire la suite\n\t\t\t\t\t<\/a>\n<h2>\n\t\tCat\u00e9gories De Produits\n\t<\/h2>\n\t\t\t\t<a href=\"https:\/\/electroline.com\/fr\/products\/hardened-cable-modem-outdoor-gateway\/\" target=\"_self\" itemprop=\"url\" rel=\"noopener\">\n\t\t\t\t<img loading=\"lazy\" decoding=\"async\" src=\"https:\/\/electroline.com\/wp-content\/uploads\/2019\/10\/Hardened-Cable-Modem-for-Home-page-149X184px.png\" alt=\"Hardened-Cable-Modem-for-Home-page-149X184px\" itemprop=\"image\" height=\"184\" width=\"149\" title=\"Hardened-Cable-Modem-for-Home-page-149X184px\" onerror=\"this.style.display='none'\"  \/>\n\t\t\t\t<\/a>\n<h3>\n\t\t<a href=\"\/?products=hardened-cable-modem\" title=\"Hardened Cable Modem\" target=\"_self\" rel=\"noopener\">\n\t\tHardened Cable Modem\n\t\t<\/a>\n\t<\/h3>\n\t\t\t\t<a href=\"https:\/\/electroline.com\/fr\/products\/status-monitoring-transponders\/\" target=\"_self\" itemprop=\"url\" rel=\"noopener\">\n\t\t\t\t<img loading=\"lazy\" decoding=\"async\" src=\"https:\/\/electroline.com\/wp-content\/uploads\/2019\/10\/Transponders-for-Home-page-149X184px.png\" alt=\"Transponders-for-Home-page-149X184px\" itemprop=\"image\" height=\"184\" width=\"149\" title=\"Transponders-for-Home-page-149X184px\" onerror=\"this.style.display='none'\"  \/>\n\t\t\t\t<\/a>\n<h3>\n\t\t<a href=\"https:\/\/electroline.com\/fr\/products\/status-monitoring-transponders\/\" title=\"Status Monitoring\" target=\"_self\" rel=\"noopener\">\n\t\tStatus Monitoring\n\t\t<\/a>\n\t<\/h3>\n\t\t\t\t<a href=\"https:\/\/electroline.com\/fr\/products\/optics-fr\/\" target=\"_self\" itemprop=\"url\" rel=\"noopener\">\n\t\t\t\t<img loading=\"lazy\" decoding=\"async\" src=\"https:\/\/electroline.com\/wp-content\/uploads\/2020\/01\/Optics-for-Home-page-149X184px.png\" alt=\"Optics-for-Home-page-149X184px\" itemprop=\"image\" height=\"184\" width=\"149\" title=\"Optics-for-Home-page-149X184px\" onerror=\"this.style.display='none'\"  \/>\n\t\t\t\t<\/a>\n<h3>\n\t\t<a href=\"https:\/\/electroline.com\/fr\/products\/optics-fr\/\" title=\"Optics\" target=\"_self\" rel=\"noopener\">\n\t\tOptics\n\t\t<\/a>\n\t<\/h3>\n\t\t\t\t<a href=\"https:\/\/electroline.com\/fr\/products\/smart-city-fr\/\" target=\"_self\" itemprop=\"url\" rel=\"noopener\">\n\t\t\t\t<img loading=\"lazy\" decoding=\"async\" src=\"https:\/\/electroline.com\/wp-content\/uploads\/2019\/10\/Battery-managements-for-Home-page-149X184px.png\" alt=\"Battery-managements-for-Home-page-149X184px\" itemprop=\"image\" height=\"184\" width=\"149\" title=\"Battery-managements-for-Home-page-149X184px\" onerror=\"this.style.display='none'\"  \/>\n\t\t\t\t<\/a>\n<h3>\n\t\t<a href=\"https:\/\/electroline.com\/fr\/products\/smart-city-fr\/\" title=\"Smart City\" target=\"_self\" rel=\"noopener\">\n\t\tSmart City\n\t\t<\/a>\n\t<\/h3>\n\t\t\t\t<a href=\"https:\/\/electroline.com\/fr\/products\/cmts-fr\/\" target=\"_self\" itemprop=\"url\" rel=\"noopener\">\n\t\t\t\t<img loading=\"lazy\" decoding=\"async\" src=\"https:\/\/electroline.com\/wp-content\/uploads\/2019\/11\/ECX-510-149pxx184px.png\" alt=\"ECX-510-149pxx184px\" itemprop=\"image\" height=\"184\" width=\"149\" title=\"ECX-510-149pxx184px\" onerror=\"this.style.display='none'\"  \/>\n\t\t\t\t<\/a>\n<h3>\n\t\t<a href=\"https:\/\/electroline.com\/fr\/products\/cmts-fr\/\" title=\"CMTS\" target=\"_self\" rel=\"noopener\">\n\t\tCMTS\n\t\t<\/a>\n\t<\/h3>\n\t\t\t\t<a href=\"https:\/\/electroline.com\/fr\/products\/all-classic-fr\/\" target=\"_self\" itemprop=\"url\" rel=\"noopener\">\n\t\t\t\t<img loading=\"lazy\" decoding=\"async\" src=\"https:\/\/electroline.com\/wp-content\/uploads\/2019\/10\/All-Classic-for-Home-page-149X184px.png\" alt=\"All-Classic-for-Home-page-149X184px\" itemprop=\"image\" height=\"184\" width=\"149\" title=\"All-Classic-for-Home-page-149X184px\" onerror=\"this.style.display='none'\"  \/>\n\t\t\t\t<\/a>\n<h3>\n\t\t<a href=\"https:\/\/electroline.com\/fr\/products\/all-classic-fr\/\" title=\"All Classics\" target=\"_self\" rel=\"noopener\">\n\t\tAll Classics\n\t\t<\/a>\n\t<\/h3>\n\t\t\t\t<a href=\"https:\/\/electroline.com\/fr\/products\/drop-amplifiers-fr\/\" target=\"_self\" itemprop=\"url\" rel=\"noopener\">\n\t\t\t\t<img loading=\"lazy\" decoding=\"async\" src=\"https:\/\/electroline.com\/wp-content\/uploads\/2020\/01\/Drop-Amplier-NEW-for-Home-page-149X184px-1.png\" alt=\"Drop-Amplier-NEW-for-Home-page-149X184px\" itemprop=\"image\" height=\"184\" width=\"149\" title=\"Drop-Amplier-NEW-for-Home-page-149X184px\" onerror=\"this.style.display='none'\"  \/>\n\t\t\t\t<\/a>\n<h3>\n\t\t<a href=\"https:\/\/electroline.com\/fr\/products\/drop-amplifiers-fr\/\" title=\"Drop Amplifiers\" target=\"_self\" rel=\"noopener\">\n\t\tDrop Amplifiers\n\t\t<\/a>\n\t<\/h3>\n<h2>\n\t\t<a href=\"https:\/\/electroline.com\/fr\/products\/\" title=\"All products\" target=\"_self\" rel=\"noopener\">\n\t\tAll products\n\t\t<\/a>\n\t<\/h2>\n\t\t\t<a href=\"https:\/\/electroline.com\/fr\/products\/\" target=\"_self\" role=\"button\" rel=\"noopener\">\n\t\t\t\t\t\t\tView All\n\t\t\t\t\t<\/a>\n\t\t\t\t<img loading=\"lazy\" decoding=\"async\" src=\"https:\/\/electroline.com\/wp-content\/uploads\/2020\/01\/DropAmp-Logo.png\" alt=\"shop online\" itemprop=\"image\" height=\"300\" width=\"300\" title=\"Drop=Amp-Logo\" onerror=\"this.style.display='none'\"  \/>\n<h2>\n\t\tSolutions\n\t<\/h2>\n\t\t\t\t<a href=\"https:\/\/electroline.com\/fr\/solutions\/power-supplier-status-monitoring\/\" target=\"_self\" itemprop=\"url\" rel=\"noopener\">\n\t\t\t\t<img loading=\"lazy\" decoding=\"async\" src=\"https:\/\/electroline.com\/wp-content\/uploads\/2019\/03\/Icon-Status-monitoring-white-150x150.png\" alt=\"Icon-Status monitoring-white\" itemprop=\"image\" height=\"150\" width=\"150\" title=\"Icon-Status monitoring-white\" onerror=\"this.style.display='none'\"  \/>\n\t\t\t\t<\/a>\n<h2>\n\t\t<a href=\"https:\/\/electroline.com\/fr\/solutions\/power-supplier-status-monitoring\/\" title=\"Power Supplier Status Monitoring\" target=\"_self\" rel=\"noopener\">\n\t\tPower Supplier Status Monitoring\n\t\t<\/a>\n\t<\/h2>\n\t\t\t\t<a href=\"https:\/\/electroline.com\/fr\/solutions\/docsis-backhaul\/\" target=\"_self\" itemprop=\"url\" rel=\"noopener\">\n\t\t\t\t<img loading=\"lazy\" decoding=\"async\" src=\"https:\/\/electroline.com\/wp-content\/uploads\/2019\/03\/Icon-Docsis-backhaul-white-1-150x150.png\" alt=\"Icon-Docsis-backhaul-white\" itemprop=\"image\" height=\"150\" width=\"150\" title=\"Icon-Docsis-backhaul-white\" onerror=\"this.style.display='none'\"  \/>\n\t\t\t\t<\/a>\n<h2>\n\t\t<a href=\"https:\/\/electroline.com\/fr\/solutions\/docsis-backhaul\/\" title=\"DOCSIS\u00ae Technologies for Mobile Backhaul\" target=\"_self\" rel=\"noopener\">\n\t\tDOCSIS\u00ae Technologies for Mobile Backhaul\n\t\t<\/a>\n\t<\/h2>\n\t\t\t\t<a href=\"https:\/\/electroline.com\/fr\/solutions\/rfog-solutions\/\" target=\"_self\" itemprop=\"url\" rel=\"noopener\">\n\t\t\t\t<img loading=\"lazy\" decoding=\"async\" src=\"https:\/\/electroline.com\/wp-content\/uploads\/2019\/03\/Icon-RFoG-150x150.png\" alt=\"Icon-RFoG\" itemprop=\"image\" height=\"150\" width=\"150\" title=\"Icon-RFoG\" onerror=\"this.style.display='none'\"  \/>\n\t\t\t\t<\/a>\n<h2>\n\t\t<a href=\"https:\/\/electroline.com\/fr\/solutions\/rfog-solutions\/\" title=\"RFoG\" target=\"_self\" rel=\"noopener\">\n\t\tRFoG\n\t\t<\/a>\n\t<\/h2>\n\t\t\t\t<a href=\"https:\/\/electroline.com\/fr\/solutions\/ingress-management\/\" target=\"_self\" itemprop=\"url\" rel=\"noopener\">\n\t\t\t\t<img loading=\"lazy\" decoding=\"async\" src=\"https:\/\/electroline.com\/wp-content\/uploads\/2019\/03\/Icon-ingress-management-white-1-150x150.png\" alt=\"Icon-ingress-management-white\" itemprop=\"image\" height=\"150\" width=\"150\" title=\"Icon-ingress-management-white\" onerror=\"this.style.display='none'\"  \/>\n\t\t\t\t<\/a>\n<h2>\n\t\t<a href=\"https:\/\/electroline.com\/fr\/solutions\/ingress-management\/\" title=\"Ingress Management\" target=\"_self\" rel=\"noopener\">\n\t\tIngress Management\n\t\t<\/a>\n\t<\/h2>\n\t\t\t\t<a href=\"https:\/\/electroline.com\/fr\/solutions\/battery-management\/\" target=\"_self\" itemprop=\"url\" rel=\"noopener\">\n\t\t\t\t<img loading=\"lazy\" decoding=\"async\" src=\"https:\/\/electroline.com\/wp-content\/uploads\/2019\/03\/Icon-battery-management-1-150x150.png\" alt=\"Icon-battery-management\" itemprop=\"image\" height=\"150\" width=\"150\" title=\"Icon-battery-management\" onerror=\"this.style.display='none'\"  \/>\n\t\t\t\t<\/a>\n<h2>\n\t\t<a href=\"https:\/\/electroline.com\/fr\/solutions\/battery-management\/\" title=\"Battery Management\" target=\"_self\" rel=\"noopener\">\n\t\tBattery Management\n\t\t<\/a>\n\t<\/h2>\n\t\t\t\t<a href=\"https:\/\/electroline.com\/fr\/solutions\/business-services\/\" target=\"_self\" itemprop=\"url\" rel=\"noopener\">\n\t\t\t\t<img loading=\"lazy\" decoding=\"async\" src=\"https:\/\/electroline.com\/wp-content\/uploads\/2019\/03\/Icon-Bussiness-Services-NEW-150x150.png\" alt=\"Icon-Bussiness-Services-NEW\" itemprop=\"image\" height=\"150\" width=\"150\" title=\"Icon-Bussiness-Services-NEW\" onerror=\"this.style.display='none'\"  \/>\n\t\t\t\t<\/a>\n<h2>\n\t\t<a href=\"https:\/\/electroline.com\/fr\/solutions\/business-services\/\" title=\"Business Services\" target=\"_self\" rel=\"noopener\">\n\t\tBusiness Services\n\t\t<\/a>\n\t<\/h2>\n\t\t\t\t<a href=\"https:\/\/electroline.com\/fr\/solutions\/smart-city\/\" target=\"_self\" itemprop=\"url\" rel=\"noopener\">\n\t\t\t\t<img loading=\"lazy\" decoding=\"async\" src=\"https:\/\/electroline.com\/wp-content\/uploads\/2019\/03\/Icon-Smarty-City-white-150x150.png\" alt=\"Icon-Smarty-City-white\" itemprop=\"image\" height=\"150\" width=\"150\" title=\"Icon-Smarty-City-white\" onerror=\"this.style.display='none'\"  \/>\n\t\t\t\t<\/a>\n<h2>\n\t\t<a href=\"https:\/\/electroline.com\/fr\/solutions\/smart-city\/\" title=\"Smart City\" target=\"_self\" rel=\"noopener\">\n\t\tSmart City\n\t\t<\/a>\n\t<\/h2>\n<h2>\n\t\tNouvelles r\u00e9centes\n\t<\/h2>\n\t\t\t<a href=\"https:\/\/electroline.com\/fr\/news\/\" target=\"_self\" role=\"button\" rel=\"noopener\">\n\t\t\t\t\t\t\tSee All\n\t\t\t<\/a>\n<h2>\n\t\tAbonnez-vous \u00e0 notre newsletter\n\t<\/h2>\n\t<div class=\"frm_forms  with_frm_style frm_style_footer-top-form\" id=\"frm_form_5_container\" >\n<form enctype=\"multipart\/form-data\" method=\"post\" class=\"frm-show-form footer-top-form frm_ajax_submit  frm_pro_form \" id=\"form_ansuj\" >\n<div class=\"frm_form_fields \">\n<fieldset>\n<legend class=\"frm_screen_reader\">Footer Top Form<\/legend>\r\n\r\n<div class=\"frm_fields_container\">\n<input type=\"hidden\" name=\"frm_action\" value=\"create\" \/>\n<input type=\"hidden\" name=\"form_id\" value=\"5\" \/>\n<input type=\"hidden\" name=\"frm_hide_fields_5\" id=\"frm_hide_fields_5\" value=\"\" \/>\n<input type=\"hidden\" name=\"form_key\" value=\"ansuj\" \/>\n<input type=\"hidden\" name=\"item_meta[0]\" value=\"\" \/>\n<input type=\"hidden\" id=\"frm_submit_entry_5\" name=\"frm_submit_entry_5\" value=\"2017512fd6\" \/><input type=\"hidden\" name=\"_wp_http_referer\" value=\"\/fr\/wp-json\/wp\/v2\/pages\/489\" \/><div id=\"frm_field_62_container\" class=\"frm_form_field form-field  frm_required_field frm_top_container frm_first frm_full\">\r\n    <input type=\"email\" id=\"field_4njcz\" name=\"item_meta[62]\" value=\"\"  placeholder=\"Email\" data-reqmsg=\"Email cannot be blank.\" aria-required=\"true\" data-invmsg=\"Email is invalid\" aria-invalid=\"false\"  \/>\r\n    \r\n    \r\n<\/div>\n<div id=\"frm_field_102_container\" class=\"frm_form_field form-field  frm_none_container\">\r\n    <div  id=\"field_efc5_label\" class=\"frm_primary_label\">reCAPTCHA\r\n        <span class=\"frm_required\"><\/span>\r\n    <\/div>\r\n    <div  id=\"field_efc5\" class=\"cf-turnstile\" data-sitekey=\"0x4AAAAAABAdnktSB0rwXw9l\" data-size=\"normal\" data-theme=\"light\"><\/div>\r\n    \r\n    \r\n<\/div>\n<div id=\"frm_field_136_container\" class=\"frm_form_field form-field \">\r\n\t<div class=\"frm_submit\">\r\n\r\n<button class=\"frm_button_submit frm_final_submit\" type=\"submit\"   formnovalidate=\"formnovalidate\">Submit<\/button>\r\n\r\n<\/div>\r\n<\/div>\n\t<input type=\"hidden\" name=\"item_key\" value=\"\" \/>\n\t\t\t\t<div class=\"frm__67c1a48de2e70\">\n\t\t\t\t<label for=\"frm_email_5\" >\n\t\t\t\t\tSi vous \u00eates un humain, ne remplissez pas ce champ.\t\t\t\t<\/label>\n\t\t\t\t<input  id=\"frm_email_5\" type=\"email\" class=\"frm_verify\" name=\"frm__67c1a48de2e70\" value=\"\"  \/>\n\t\t\t<\/div>\n\t\t<input name=\"frm_state\" type=\"hidden\" value=\"YXwNWbOGufjzQyP5omJeN8sRnHjlhdQ\/fHEIioXu030=\" \/><\/div>\n<\/fieldset>\n<\/div>\n\n<\/form>\n<\/div>\n\n\n","protected":false},"excerpt":{"rendered":"<p>Fi\u00e8re de servir l&rsquo;industrie des communications Depuis 1953 Depuis sa cr\u00e9ation en 1953, Electroline a pour mission de fournir des produits innovants qui am\u00e9liorent \u00e0 la fois les op\u00e9rations et r\u00e9pondent aux l&rsquo;\u00e9volution des exigences du march\u00e9 des t\u00e9l\u00e9communications par c\u00e2ble. Lire la suite Cat\u00e9gories De Produits Hardened Cable Modem Status Monitoring Optics Smart City&hellip;<\/p>\n","protected":false},"author":1,"featured_media":0,"parent":0,"menu_order":0,"comment_status":"closed","ping_status":"closed","template":"home.php","meta":{"_acf_changed":false,"footnotes":""},"class_list":["post-489","page","type-page","status-publish","hentry"],"acf":[],"_links":{"self":[{"href":"https:\/\/electroline.com\/fr\/wp-json\/wp\/v2\/pages\/489","targetHints":{"allow":["GET"]}}],"collection":[{"href":"https:\/\/electroline.com\/fr\/wp-json\/wp\/v2\/pages"}],"about":[{"href":"https:\/\/electroline.com\/fr\/wp-json\/wp\/v2\/types\/page"}],"author":[{"embeddable":true,"href":"https:\/\/electroline.com\/fr\/wp-json\/wp\/v2\/users\/1"}],"replies":[{"embeddable":true,"href":"https:\/\/electroline.com\/fr\/wp-json\/wp\/v2\/comments?post=489"}],"version-history":[{"count":112,"href":"https:\/\/electroline.com\/fr\/wp-json\/wp\/v2\/pages\/489\/revisions"}],"predecessor-version":[{"id":2902,"href":"https:\/\/electroline.com\/fr\/wp-json\/wp\/v2\/pages\/489\/revisions\/2902"}],"wp:attachment":[{"href":"https:\/\/electroline.com\/fr\/wp-json\/wp\/v2\/media?parent=489"}],"curies":[{"name":"wp","href":"https:\/\/api.w.org\/{rel}","templated":true}]}}