{"id":492,"date":"2019-02-27T10:30:34","date_gmt":"2019-02-27T10:30:34","guid":{"rendered":"https:\/\/electroline.com\/about-us\/"},"modified":"2022-11-16T21:58:44","modified_gmt":"2022-11-16T21:58:44","slug":"about-us","status":"publish","type":"page","link":"https:\/\/electroline.com\/fr\/about-us\/","title":{"rendered":"\u00e0 propos de nous"},"content":{"rendered":"\n\n<h2>\n\t\t\u00c0 propos d&rsquo;Electroline Equipment Inc\n\t<\/h2>\n\t<p>Depuis sa cr\u00e9ation en 1953, plus de 66 ans d&rsquo;exp\u00e9rience dans la conception et la fabrication de produits pour HFC et fibre jusqu&rsquo;aux r\u00e9seaux domestiques, Electroline Equipment Inc. est un fournisseur international de premier plan de solutions \u00e0 large bande comprenant des transpondeurs de surveillance d&rsquo;\u00e9tat bas\u00e9s sur DOCSIS\u00ae et Euro-DOCSIS\u00ae et durcis \u00e0 la temp\u00e9rature Modems c\u00e2ble, produits de transmission optique, syst\u00e8mes de prises adressables, technologie de gestion de la voie de retour, amplificateurs de chute et dispositifs CATV passifs.<\/p>\n<p>Les questions peuvent \u00eatre adress\u00e9es aux repr\u00e9sentants d&rsquo;Electroline par t\u00e9l\u00e9phone au + 1- (514) 374-6335 ou par e-mail \u00e0 support@electroline.com<\/p>\n<h2>\n\t\tNotre histoire\n\t<\/h2>\n\tDepuis sa cr\u00e9ation en 1953, Electroline a pour mission de fournir des produits innovants qui am\u00e9liorent \u00e0 la fois les op\u00e9rations et r\u00e9pondent aux exigences en constante \u00e9volution du march\u00e9 des t\u00e9l\u00e9communications par c\u00e2ble.<br \/>\nAyant \u00e9merg\u00e9 comme un v\u00e9ritable fabricant leader de solutions de services CATV int\u00e9gr\u00e9s, la soci\u00e9t\u00e9 propose actuellement six familles de produits qui incluent la gamme de produits e-Optic, des syst\u00e8mes de prises adressables \u00e0 large bande, des outils de gestion du bruit sur la voie de retour, des amplificateurs de chute, une surveillance de l&rsquo;\u00e9tat du r\u00e9seau bas\u00e9e sur DOCSIS. transpondeurs et sondes MPEG, et dispositifs passifs CATV. R\u00e9put\u00e9e pour ses produits de haut calibre, Electroline maintient cette r\u00e9putation en recherchant des id\u00e9es et des opportunit\u00e9s via ses clients. L&rsquo;approche \u00abCustomer Knows Best\u00bb d&rsquo;Electroline propose la meilleure qualit\u00e9 et les solutions les plus pratiques disponibles sur le march\u00e9.\n<p>Au cours des 5 derni\u00e8res ann\u00e9es, Electroline a connu un succ\u00e8s constant dans la vente de produits, ce qui refl\u00e8te fortement sa capacit\u00e9 \u00e0 fournir des solutions et des services personnalis\u00e9s sp\u00e9cialis\u00e9s visant \u00e0 r\u00e9pondre aux demandes de MSO dans cette nouvelle \u00e8re du monde num\u00e9rique. Electroline envisage de d\u00e9velopper plusieurs nouvelles innovations et d&rsquo;explorer d&rsquo;autres avenues du march\u00e9 pour rester un fournisseur de pointe, en fournissant des produits r\u00e9pondant aux besoins en croissance rapide des services de c\u00e2ble et Internet. Electroline est orient\u00e9e vers l&rsquo;expansion du march\u00e9. La Soci\u00e9t\u00e9 poursuivra ses efforts de commercialisation sur les march\u00e9s d&rsquo;Am\u00e9rique du Nord, d&rsquo;Europe, d&rsquo;Am\u00e9rique centrale, d&rsquo;Am\u00e9rique du Sud, des Cara\u00efbes et d&rsquo;Asie, o\u00f9 l&rsquo;industrie des t\u00e9l\u00e9communications par c\u00e2ble est une partie importante de ces \u00e9conomies en expansion.<\/p>\n\t<iframe loading=\"lazy\" width=\"500\" height=\"281\" src=\"https:\/\/www.youtube.com\/embed\/jujF7BC0wRY?feature=oembed\" frameborder=\"0\" allow=\"accelerometer; autoplay; encrypted-media; gyroscope; picture-in-picture\" allowfullscreen><\/iframe>\n<h2>\n\t\tInformation d&rsquo;entreprise\n\t<\/h2>\n\tLa concentration d&rsquo;Electroline sur les exigences des clients, la croissance du march\u00e9 et les solutions innovantes nous distingue de la concurrence.<br \/>\nPourquoi tant de c\u00e2blo-op\u00e9rateurs se tournent-ils de plus en plus vers Electroline pour des solutions? Voici quelques raisons:\n\t\t\t\t<img loading=\"lazy\" decoding=\"async\" src=\"https:\/\/electroline.com\/wp-content\/uploads\/2019\/02\/quality_manufacturing.png\" alt=\"quality_manufacturing\" itemprop=\"image\" height=\"54\" width=\"54\" title=\"quality_manufacturing\" onerror=\"this.style.display='none'\"  \/>\n<h2>\n\t\tQualit\u00e9 de fabrication\n\t<\/h2>\n\tMontr\u00e9al d&rsquo;Electroline<br \/>\nL&rsquo;usine de fabrication est certifi\u00e9e ISO 9001 Quality Systems. Ce processus strict garantit que chaque \u00e9tape est contr\u00f4l\u00e9e, de la r\u00e9ception des commandes \u00e0 l&rsquo;exp\u00e9dition des marchandises jusqu&rsquo;\u00e0<br \/>\nles clients. Tous les produits sont test\u00e9s \u00e0 100% pour garantir les normes<br \/>\nconformit\u00e9.\n\t\t\t\t<img loading=\"lazy\" decoding=\"async\" src=\"https:\/\/electroline.com\/wp-content\/uploads\/2019\/02\/industry_experience.png\" alt=\"industry_experience\" itemprop=\"image\" height=\"48\" width=\"60\" title=\"industry_experience\" onerror=\"this.style.display='none'\"  \/>\n<h2>\n\t\tExp\u00e9rience industrielle\n\t<\/h2>\n\tConnaissances d&rsquo;Electroline,<br \/>\nd\u00e9vou\u00e9 et exp\u00e9riment\u00e9<br \/>\nle personnel joue un r\u00f4le crucial dans la production des<br \/>\ndes produits. De plus, avec plus de 50 ans d&rsquo;exp\u00e9rience, la soci\u00e9t\u00e9 a pu \u00e9tablir des normes \u00e9lev\u00e9es en mati\u00e8re de choix d&rsquo;\u00e9quipement, de processus et de fabrication.\n\t\t\t\t<img loading=\"lazy\" decoding=\"async\" src=\"https:\/\/electroline.com\/wp-content\/uploads\/2019\/02\/reliabilityservicesupport.png\" alt=\"reliability,service&amp;support\" itemprop=\"image\" height=\"47\" width=\"47\" title=\"reliability,service&amp;support\" onerror=\"this.style.display='none'\"  \/>\n<h2>\n\t\tFiabilit\u00e9, service et assistance\n\t<\/h2>\n\tAvec une conception in\u00e9gal\u00e9e et des normes de fabrication \u00e9lev\u00e9es,<br \/>\nLes produits d&rsquo;Electroline sont con\u00e7us pour des performances fiables et peu<br \/>\nentretien. Tous les produits sont soutenus par un programme de garantie avec une \u00e9quipe de support technique tr\u00e8s efficace.\n\t\t\t\t<img loading=\"lazy\" decoding=\"async\" src=\"https:\/\/electroline.com\/wp-content\/uploads\/2019\/02\/leading_edge_technologies.png\" alt=\"leading_edge_technologies\" itemprop=\"image\" height=\"48\" width=\"48\" title=\"leading_edge_technologies\" onerror=\"this.style.display='none'\"  \/>\n<h2>\n\t\tTechnologies de pointe\n\t<\/h2>\n\tRecherche et Electroline<br \/>\nl&rsquo;accent mis sur le d\u00e9veloppement met en avant certaines des derni\u00e8res technologies disponibles pour les c\u00e2blo-op\u00e9rateurs\n<h2>\n\t\tSubscribe To Our Newsletter\n\t<\/h2>\n\t<div class=\"frm_forms  with_frm_style frm_style_footer-top-form\" id=\"frm_form_5_container\" >\n<form enctype=\"multipart\/form-data\" method=\"post\" class=\"frm-show-form footer-top-form frm_ajax_submit  frm_pro_form \" id=\"form_ansuj\" >\n<div class=\"frm_form_fields \">\n<fieldset>\n<legend class=\"frm_screen_reader\">Footer Top Form<\/legend>\r\n\r\n<div class=\"frm_fields_container\">\n<input type=\"hidden\" name=\"frm_action\" value=\"create\" \/>\n<input type=\"hidden\" name=\"form_id\" value=\"5\" \/>\n<input type=\"hidden\" name=\"frm_hide_fields_5\" id=\"frm_hide_fields_5\" value=\"\" \/>\n<input type=\"hidden\" name=\"form_key\" value=\"ansuj\" \/>\n<input type=\"hidden\" name=\"item_meta[0]\" value=\"\" \/>\n<input type=\"hidden\" id=\"frm_submit_entry_5\" name=\"frm_submit_entry_5\" value=\"0140a99e54\" \/><input type=\"hidden\" name=\"_wp_http_referer\" value=\"\/fr\/wp-json\/wp\/v2\/pages\/492\" \/><div id=\"frm_field_62_container\" class=\"frm_form_field form-field  frm_required_field frm_top_container frm_first frm_full\">\r\n    <input type=\"email\" id=\"field_4njcz\" name=\"item_meta[62]\" value=\"\"  placeholder=\"Email\" data-reqmsg=\"Email cannot be blank.\" aria-required=\"true\" data-invmsg=\"Email is invalid\" aria-invalid=\"false\"  \/>\r\n    \r\n    \r\n<\/div>\n<div id=\"frm_field_102_container\" class=\"frm_form_field form-field  frm_none_container\">\r\n    <div  id=\"field_efc5_label\" class=\"frm_primary_label\">reCAPTCHA\r\n        <span class=\"frm_required\"><\/span>\r\n    <\/div>\r\n    <div  id=\"field_efc5\" class=\"cf-turnstile\" data-sitekey=\"0x4AAAAAABAdnktSB0rwXw9l\" data-size=\"normal\" data-theme=\"light\"><\/div>\r\n    \r\n    \r\n<\/div>\n<div id=\"frm_field_136_container\" class=\"frm_form_field form-field \">\r\n\t<div class=\"frm_submit\">\r\n\r\n<button class=\"frm_button_submit frm_final_submit\" type=\"submit\"   formnovalidate=\"formnovalidate\">Submit<\/button>\r\n\r\n<\/div>\r\n<\/div>\n\t<input type=\"hidden\" name=\"item_key\" value=\"\" \/>\n\t\t\t\t<div class=\"frm__67c1a48de2e70\">\n\t\t\t\t<label for=\"frm_email_5\" >\n\t\t\t\t\tSi vous \u00eates un humain, ne remplissez pas ce champ.\t\t\t\t<\/label>\n\t\t\t\t<input  id=\"frm_email_5\" type=\"email\" class=\"frm_verify\" name=\"frm__67c1a48de2e70\" value=\"\"  \/>\n\t\t\t<\/div>\n\t\t<input name=\"frm_state\" type=\"hidden\" value=\"YXwNWbOGufjzQyP5omJeNyCVLsyvE9nW75cf9elstS0=\" \/><\/div>\n<\/fieldset>\n<\/div>\n\n<\/form>\n<\/div>\n\n\n","protected":false},"excerpt":{"rendered":"<p>\u00c0 propos d&rsquo;Electroline Equipment Inc Depuis sa cr\u00e9ation en 1953, plus de 66 ans d&rsquo;exp\u00e9rience dans la conception et la fabrication de produits pour HFC et fibre jusqu&rsquo;aux r\u00e9seaux domestiques, Electroline Equipment Inc. est un fournisseur international de premier plan de solutions \u00e0 large bande comprenant des transpondeurs de surveillance d&rsquo;\u00e9tat bas\u00e9s sur DOCSIS\u00ae et&hellip;<\/p>\n","protected":false},"author":1,"featured_media":0,"parent":0,"menu_order":0,"comment_status":"closed","ping_status":"closed","template":"","meta":{"_acf_changed":false,"footnotes":""},"class_list":["post-492","page","type-page","status-publish","hentry"],"acf":[],"_links":{"self":[{"href":"https:\/\/electroline.com\/fr\/wp-json\/wp\/v2\/pages\/492","targetHints":{"allow":["GET"]}}],"collection":[{"href":"https:\/\/electroline.com\/fr\/wp-json\/wp\/v2\/pages"}],"about":[{"href":"https:\/\/electroline.com\/fr\/wp-json\/wp\/v2\/types\/page"}],"author":[{"embeddable":true,"href":"https:\/\/electroline.com\/fr\/wp-json\/wp\/v2\/users\/1"}],"replies":[{"embeddable":true,"href":"https:\/\/electroline.com\/fr\/wp-json\/wp\/v2\/comments?post=492"}],"version-history":[{"count":20,"href":"https:\/\/electroline.com\/fr\/wp-json\/wp\/v2\/pages\/492\/revisions"}],"predecessor-version":[{"id":2903,"href":"https:\/\/electroline.com\/fr\/wp-json\/wp\/v2\/pages\/492\/revisions\/2903"}],"wp:attachment":[{"href":"https:\/\/electroline.com\/fr\/wp-json\/wp\/v2\/media?parent=492"}],"curies":[{"name":"wp","href":"https:\/\/api.w.org\/{rel}","templated":true}]}}